{"id":3074,"date":"2023-03-23T14:00:32","date_gmt":"2023-03-23T14:00:32","guid":{"rendered":"http:\/\/www.micheladelorenzi.com.es\/avviso-legale\/"},"modified":"2024-12-17T09:06:48","modified_gmt":"2024-12-17T09:06:48","slug":"avviso-legale","status":"publish","type":"page","link":"https:\/\/micheladelorenzi.com\/it\/avviso-legale\/","title":{"rendered":"Avviso legale"},"content":{"rendered":"<div class=\"fusion-fullwidth fullwidth-box fusion-builder-row-1 fusion-flex-container nonhundred-percent-fullwidth non-hundred-percent-height-scrolling\" style=\"--awb-background-position:left top;--awb-border-sizes-top:0px;--awb-border-sizes-bottom:0px;--awb-border-sizes-left:0px;--awb-border-sizes-right:0px;--awb-border-radius-top-left:0px;--awb-border-radius-top-right:0px;--awb-border-radius-bottom-right:0px;--awb-border-radius-bottom-left:0px;--awb-padding-top:20px;--awb-padding-bottom:100px;--awb-padding-bottom-small:80px;--awb-background-color:var(--awb-color1);--awb-flex-wrap:wrap;\" ><div class=\"fusion-builder-row fusion-row fusion-flex-align-items-stretch fusion-flex-content-wrap\" style=\"max-width:1216.8px;margin-left: calc(-4% \/ 2 );margin-right: calc(-4% \/ 2 );\"><div class=\"fusion-layout-column fusion_builder_column fusion-builder-column-0 fusion_builder_column_1_1 1_1 fusion-flex-column\" style=\"--awb-bg-size:cover;--awb-width-large:100%;--awb-margin-top-large:3%;--awb-spacing-right-large:1.92%;--awb-margin-bottom-large:3%;--awb-spacing-left-large:1.92%;--awb-width-medium:100%;--awb-order-medium:0;--awb-spacing-right-medium:1.92%;--awb-spacing-left-medium:1.92%;--awb-width-small:100%;--awb-order-small:0;--awb-spacing-right-small:1.92%;--awb-spacing-left-small:1.92%;\"><div class=\"fusion-column-wrapper fusion-column-has-shadow fusion-flex-justify-content-flex-start fusion-content-layout-column\"><div class=\"fusion-title title fusion-title-1 fusion-title-text fusion-title-size-three\" style=\"--awb-font-size:30px;\"><div class=\"title-sep-container title-sep-container-left fusion-no-large-visibility fusion-no-medium-visibility fusion-no-small-visibility\"><div class=\"title-sep sep- sep-solid\" style=\"border-color:var(--awb-color3);\"><\/div><\/div><span class=\"awb-title-spacer fusion-no-large-visibility fusion-no-medium-visibility fusion-no-small-visibility\"><\/span><h3 class=\"fusion-title-heading title-heading-left fusion-responsive-typography-calculated\" style=\"font-family:-apple-system, BlinkMacSystemFont, &#039;Segoe UI&#039;, Roboto, Oxygen-Sans, Ubuntu, Cantarell, &#039;Helvetica Neue&#039; ,sans-serif;font-style:normal;font-weight:400;margin:0;text-transform:capitalize;font-size:1em;--fontSize:30;line-height:var(--awb-custom_typography_1-line-height);\"><strong>I. INFORMAZIONI GENERALI  <\/strong><\/h3><span class=\"awb-title-spacer\"><\/span><div class=\"title-sep-container title-sep-container-right\"><div class=\"title-sep sep- sep-solid\" style=\"border-color:var(--awb-color3);\"><\/div><\/div><\/div><div class=\"fusion-text fusion-text-1\" style=\"--awb-text-color:var(--awb-color7);\"><p>In ottemperanza all&#8217;obbligo di fornire le informazioni previste dalla Legge 34\/2002 sui Servizi della Societ\u00e0 dell&#8217;Informazione e del Commercio Elettronico (LSSI-CE) dell&#8217;11 luglio, si forniscono di seguito le seguenti informazioni generali su questo sito web: La propriet\u00e0 di questo sito web, https:\/\/www.<\/p>\n<p>michela de Lorenzi, con NIF: Y3816285R, i cui dati di contatto sono: Indirizzo: Avenida Maestro Rodrigo 107, 46015 Valencia Telefono di contatto: +34 657088717 E-mail di contatto: micheladelorenzi@hotmail.it<\/p>\n<\/div><div class=\"fusion-title title fusion-title-2 fusion-title-text fusion-title-size-three\" style=\"--awb-font-size:30px;\"><div class=\"title-sep-container title-sep-container-left fusion-no-large-visibility fusion-no-medium-visibility fusion-no-small-visibility\"><div class=\"title-sep sep- sep-solid\" style=\"border-color:var(--awb-color3);\"><\/div><\/div><span class=\"awb-title-spacer fusion-no-large-visibility fusion-no-medium-visibility fusion-no-small-visibility\"><\/span><h3 class=\"fusion-title-heading title-heading-left fusion-responsive-typography-calculated\" style=\"font-family:-apple-system, BlinkMacSystemFont, &#039;Segoe UI&#039;, Roboto, Oxygen-Sans, Ubuntu, Cantarell, &#039;Helvetica Neue&#039; ,sans-serif;font-style:normal;font-weight:400;margin:0;text-transform:capitalize;font-size:1em;--fontSize:30;line-height:var(--awb-custom_typography_1-line-height);\"><strong>II. CONDIZIONI GENERALI DI UTILIZZO  <\/strong><\/h3><span class=\"awb-title-spacer\"><\/span><div class=\"title-sep-container title-sep-container-right\"><div class=\"title-sep sep- sep-solid\" style=\"border-color:var(--awb-color3);\"><\/div><\/div><\/div><div class=\"fusion-title title fusion-title-3 fusion-title-text fusion-title-size-three\" style=\"--awb-font-size:20px;\"><div class=\"title-sep-container title-sep-container-left fusion-no-large-visibility fusion-no-medium-visibility fusion-no-small-visibility\"><div class=\"title-sep sep- sep-solid\" style=\"border-color:var(--awb-color3);\"><\/div><\/div><span class=\"awb-title-spacer fusion-no-large-visibility fusion-no-medium-visibility fusion-no-small-visibility\"><\/span><h3 class=\"fusion-title-heading title-heading-left fusion-responsive-typography-calculated\" style=\"font-family:-apple-system, BlinkMacSystemFont, &#039;Segoe UI&#039;, Roboto, Oxygen-Sans, Ubuntu, Cantarell, &#039;Helvetica Neue&#039; ,sans-serif;font-style:normal;font-weight:400;margin:0;text-transform:capitalize;font-size:1em;--fontSize:20;--minFontSize:20;line-height:var(--awb-custom_typography_1-line-height);\"><strong>L&#8217;oggetto dei termini e delle condizioni: Il sito web  <\/strong><\/h3><span class=\"awb-title-spacer\"><\/span><div class=\"title-sep-container title-sep-container-right\"><div class=\"title-sep sep- sep-solid\" style=\"border-color:var(--awb-color3);\"><\/div><\/div><\/div><div class=\"fusion-text fusion-text-2\" style=\"--awb-text-color:var(--awb-color7);\"><p>Le presenti Condizioni generali d&#8217;uso (di seguito &#8220;Condizioni&#8221;) hanno lo scopo di regolamentare l&#8217;accesso e l&#8217;utilizzo del Sito. Ai fini delle presenti Condizioni, per Sito Web si intende: l&#8217;aspetto esterno delle interfacce dello schermo, sia statiche che dinamiche, ovvero l&#8217;albero di navigazione; e tutti gli elementi integrati sia nelle interfacce dello schermo che nell&#8217;albero di navigazione (di seguito, Contenuto) e tutti i servizi o le risorse online che possono essere offerti agli Utenti (di seguito, Servizi).<\/p>\n<p>Michela de Lorenzi si riserva il diritto di modificare, in qualsiasi momento e senza preavviso, la presentazione e la configurazione del Sito e dei Contenuti e Servizi che possono essere incorporati.<br \/>\nL&#8217;Utente riconosce e accetta che in qualsiasi momento Michela de Lorenzi potr\u00e0 interrompere, disattivare e\/o cancellare uno qualsiasi di questi elementi integrati nel Sito o l&#8217;accesso ad essi.<\/p>\n<p>L&#8217;accesso al Sito Web da parte dell&#8217;Utente \u00e8 libero e, di norma, gratuito, senza che l&#8217;Utente debba fornire alcun corrispettivo per usufruirne, fatta eccezione per il costo della connessione attraverso la rete di telecomunicazioni fornita dal fornitore di accesso contrattato dall&#8217;Utente.<\/p>\n<p>L&#8217;utilizzo di uno qualsiasi dei Contenuti o dei Servizi del Sito web pu\u00f2 essere effettuato tramite una preventiva iscrizione o registrazione da parte dell&#8217;Utente.<\/p>\n<\/div><div class=\"fusion-title title fusion-title-4 fusion-title-text fusion-title-size-three\" style=\"--awb-font-size:20px;\"><div class=\"title-sep-container title-sep-container-left fusion-no-large-visibility fusion-no-medium-visibility fusion-no-small-visibility\"><div class=\"title-sep sep- sep-solid\" style=\"border-color:var(--awb-color3);\"><\/div><\/div><span class=\"awb-title-spacer fusion-no-large-visibility fusion-no-medium-visibility fusion-no-small-visibility\"><\/span><h3 class=\"fusion-title-heading title-heading-left fusion-responsive-typography-calculated\" style=\"font-family:-apple-system, BlinkMacSystemFont, &#039;Segoe UI&#039;, Roboto, Oxygen-Sans, Ubuntu, Cantarell, &#039;Helvetica Neue&#039; ,sans-serif;font-style:normal;font-weight:400;margin:0;text-transform:capitalize;font-size:1em;--fontSize:20;--minFontSize:20;line-height:var(--awb-custom_typography_1-line-height);\"><strong>L&#8217;utente  <\/strong><\/h3><span class=\"awb-title-spacer\"><\/span><div class=\"title-sep-container title-sep-container-right\"><div class=\"title-sep sep- sep-solid\" style=\"border-color:var(--awb-color3);\"><\/div><\/div><\/div><div class=\"fusion-text fusion-text-3\" style=\"--awb-text-color:var(--awb-color7);\"><p>L&#8217;accesso, la navigazione e l&#8217;utilizzo del Sito conferiscono la condizione di Utente, e come tale, dal momento in cui inizia la navigazione del Sito, si accettano tutte le Condizioni qui stabilite, nonch\u00e9 le loro successive modifiche, fatta salva l&#8217;applicazione delle corrispondenti norme giuridiche di obbligatoriet\u00e0, a seconda dei casi.<br \/>\nData la rilevanza di quanto sopra, si raccomanda all&#8217;Utente di leggerlo ogni volta che visita il Sito. Il Sito Michela de Lorenzi fornisce un&#8217;ampia gamma di informazioni, servizi e dati. L&#8217;Utente si assume la responsabilit\u00e0 del corretto utilizzo del Sito. Tale responsabilit\u00e0 si estende a:<\/p>\n<p>L&#8217;accesso al Sito Web da parte dell&#8217;Utente \u00e8 libero e, di norma, gratuito, senza che l&#8217;Utente debba fornire alcun corrispettivo per usufruirne, fatta eccezione per il costo della connessione attraverso la rete di telecomunicazioni fornita dal fornitore di accesso contrattato dall&#8217;Utente.<\/p>\n<p>L&#8217;utilizzo di uno qualsiasi dei Contenuti o dei Servizi del Sito web pu\u00f2 essere effettuato tramite una preventiva iscrizione o registrazione da parte dell&#8217;Utente.<\/p>\n<ul>\n<li>\nQualsiasi uso delle informazioni, dei Contenuti e\/o dei Servizi e dei dati offerti da Michela de Lorenzi che sia contrario alle disposizioni delle presenti Condizioni, alla Legge, al buon costume o all&#8217;ordine pubblico, o che in qualsiasi altro modo possa violare i diritti di terzi o il funzionamento del Sito.<\/li>\n<li>La veridicit\u00e0 e la legalit\u00e0 delle informazioni fornite dall&#8217;Utente nei moduli predisposti da Michela de Lorenzi per l&#8217;accesso a determinati Contenuti o Servizi offerti dal Sito. In ogni caso, l&#8217;Utente dovr\u00e0 comunicare immediatamente a Michela de Lorenzi qualsiasi evento che consenta l&#8217;uso improprio delle informazioni registrate in tali moduli, quali, a titolo esemplificativo e non esaustivo, il furto, lo smarrimento o l&#8217;accesso non autorizzato a identificativi e\/o password, al fine di procedere alla loro immediata cancellazione.<\/li>\n<\/ul>\n<p>Il semplice accesso a questo Sito non implica alcun tipo di rapporto commerciale tra Michela de Lorenzi e l&#8217;Utente.<\/p>\n<p>In conformit\u00e0 alla normativa vigente, il presente sito web di Michela de Lorenzi \u00e8 destinato a tutte le persone, indipendentemente dall&#8217;et\u00e0, che possono accedere e\/o navigare nelle pagine del sito.<\/p>\n<\/div><div class=\"fusion-title title fusion-title-5 fusion-title-text fusion-title-size-three\" style=\"--awb-font-size:30px;\"><div class=\"title-sep-container title-sep-container-left fusion-no-large-visibility fusion-no-medium-visibility fusion-no-small-visibility\"><div class=\"title-sep sep- sep-solid\" style=\"border-color:var(--awb-color3);\"><\/div><\/div><span class=\"awb-title-spacer fusion-no-large-visibility fusion-no-medium-visibility fusion-no-small-visibility\"><\/span><h3 class=\"fusion-title-heading title-heading-left fusion-responsive-typography-calculated\" style=\"font-family:-apple-system, BlinkMacSystemFont, &#039;Segoe UI&#039;, Roboto, Oxygen-Sans, Ubuntu, Cantarell, &#039;Helvetica Neue&#039; ,sans-serif;font-style:normal;font-weight:400;margin:0;text-transform:capitalize;font-size:1em;--fontSize:30;line-height:var(--awb-custom_typography_1-line-height);\"><strong>III. L&#8217;ACCESSO E LA NAVIGAZIONE NEL SITO WEB:  <\/strong><strong>ESCLUSIONE DI GARANZIE E RESPONSABILIT\u00c0<\/strong><\/h3><span class=\"awb-title-spacer\"><\/span><div class=\"title-sep-container title-sep-container-right\"><div class=\"title-sep sep- sep-solid\" style=\"border-color:var(--awb-color3);\"><\/div><\/div><\/div><div class=\"fusion-text fusion-text-4\" style=\"--awb-text-color:var(--awb-color7);\"><p>Michela de Lorenzi non garantisce la continuit\u00e0, la disponibilit\u00e0 e l&#8217;utilit\u00e0 del Sito, n\u00e9 dei Contenuti o dei Servizi. Michela de Lorenzi far\u00e0 ogni sforzo per garantire il corretto funzionamento del Sito, ma non fornisce alcuna dichiarazione o garanzia che l&#8217;accesso al Sito sia ininterrotto o privo di errori.<\/p>\n<p>Inoltre, non si assume alcuna responsabilit\u00e0 o garanzia che il contenuto o il software a cui si pu\u00f2 accedere attraverso questo sito web sia privo di errori o provochi danni al sistema informatico dell&#8217;Utente (software e hardware). In nessun caso Michela de Lorenzi sar\u00e0 responsabile di eventuali perdite, danni o pregiudizi di qualsiasi tipo derivanti dall&#8217;accesso, dalla navigazione e dall&#8217;utilizzo del Sito, compresi, ma non solo, quelli causati ai sistemi informatici o quelli causati dall&#8217;introduzione di virus.<\/p>\n<p>Michela de Lorenzi non sar\u00e0 responsabile di eventuali danni che possano essere causati agli utenti dall&#8217;uso improprio di questo sito. In particolare, non \u00e8 responsabile in alcun modo di eventuali guasti, interruzioni, errori o difetti di telecomunicazione che potrebbero verificarsi.<\/p>\n<\/div><div class=\"fusion-title title fusion-title-6 fusion-title-text fusion-title-size-three\" style=\"--awb-font-size:30px;\"><div class=\"title-sep-container title-sep-container-left fusion-no-large-visibility fusion-no-medium-visibility fusion-no-small-visibility\"><div class=\"title-sep sep- sep-solid\" style=\"border-color:var(--awb-color3);\"><\/div><\/div><span class=\"awb-title-spacer fusion-no-large-visibility fusion-no-medium-visibility fusion-no-small-visibility\"><\/span><h3 class=\"fusion-title-heading title-heading-left fusion-responsive-typography-calculated\" style=\"font-family:-apple-system, BlinkMacSystemFont, &#039;Segoe UI&#039;, Roboto, Oxygen-Sans, Ubuntu, Cantarell, &#039;Helvetica Neue&#039; ,sans-serif;font-style:normal;font-weight:400;margin:0;text-transform:capitalize;font-size:1em;--fontSize:30;line-height:var(--awb-custom_typography_1-line-height);\"><strong>IV. POLITICA DEI COLLEGAMENTI  <\/strong><\/h3><span class=\"awb-title-spacer\"><\/span><div class=\"title-sep-container title-sep-container-right\"><div class=\"title-sep sep- sep-solid\" style=\"border-color:var(--awb-color3);\"><\/div><\/div><\/div><div class=\"fusion-text fusion-text-5\" style=\"--awb-text-color:var(--awb-color7);\"><p>Gli utenti o i terzi che creano un collegamento ipertestuale da una pagina web di un altro sito web, diverso da quello di Michela de Lorenzi, devono sapere che: la riproduzione &#8211; totale o parziale &#8211; di qualsiasi Contenuto e\/o Servizio del sito web non \u00e8 consentita senza l&#8217;espressa autorizzazione di Michela de Lorenzi.<\/p>\n<p>Non sono consentite dichiarazioni false, imprecise o errate sul Sito Michela de Lorenzi, sui suoi Contenuti e\/o sui Servizi.<\/p>\n<p>Ad eccezione del collegamento ipertestuale, il sito web sul quale viene stabilito il collegamento ipertestuale non conterr\u00e0 alcun elemento di questo sito web che sia protetto come propriet\u00e0 intellettuale dalla legge spagnola, a meno che non sia espressamente autorizzato da Michela de Lorenzi.<\/p>\n<p>La creazione di un collegamento ipertestuale non implica l&#8217;esistenza di una relazione tra Michela de Lorenzi e il proprietario del sito web da cui \u00e8 stabilito, n\u00e9 la conoscenza e l&#8217;accettazione da parte di Michela de Lorenzi dei contenuti, dei servizi e\/o delle attivit\u00e0 offerte su tale sito web, e viceversa.<\/p>\n<\/div><div class=\"fusion-title title fusion-title-7 fusion-title-text fusion-title-size-three\" style=\"--awb-font-size:30px;\"><div class=\"title-sep-container title-sep-container-left fusion-no-large-visibility fusion-no-medium-visibility fusion-no-small-visibility\"><div class=\"title-sep sep- sep-solid\" style=\"border-color:var(--awb-color3);\"><\/div><\/div><span class=\"awb-title-spacer fusion-no-large-visibility fusion-no-medium-visibility fusion-no-small-visibility\"><\/span><h3 class=\"fusion-title-heading title-heading-left fusion-responsive-typography-calculated\" style=\"font-family:-apple-system, BlinkMacSystemFont, &#039;Segoe UI&#039;, Roboto, Oxygen-Sans, Ubuntu, Cantarell, &#039;Helvetica Neue&#039; ,sans-serif;font-style:normal;font-weight:400;margin:0;text-transform:capitalize;font-size:1em;--fontSize:30;line-height:var(--awb-custom_typography_1-line-height);\"><strong>V. PROPRIET\u00c0 INTELLETTUALE E INDUSTRIALE  <\/strong><\/h3><span class=\"awb-title-spacer\"><\/span><div class=\"title-sep-container title-sep-container-right\"><div class=\"title-sep sep- sep-solid\" style=\"border-color:var(--awb-color3);\"><\/div><\/div><\/div><div class=\"fusion-text fusion-text-6\" style=\"--awb-text-color:var(--awb-color7);\"><p>Michela de Lorenzi, in proprio o in qualit\u00e0 di cessionaria, \u00e8 titolare di tutti i diritti di propriet\u00e0 intellettuale e industriale del Sito, nonch\u00e9 degli elementi in esso contenuti (tra cui, a titolo esemplificativo e non esaustivo, immagini, suoni, audio, video, software o testi, marchi o loghi, combinazioni di colori, struttura e design, selezione dei materiali utilizzati, programmi informatici necessari al suo funzionamento, accesso e utilizzo, ecc.) Si tratter\u00e0 quindi di opere protette come propriet\u00e0 intellettuale dall&#8217;ordinamento giuridico spagnolo e ad esse si applicheranno sia la legislazione spagnola e comunitaria in materia, sia i trattati internazionali relativi alla materia e firmati dalla Spagna.<\/p>\n<p>Tutti i diritti riservati. In virt\u00f9 delle disposizioni della Legge sulla Propriet\u00e0 Intellettuale, \u00e8 espressamente vietata la riproduzione, la distribuzione e la comunicazione pubblica, compresa la messa a disposizione, di tutto o parte del contenuto di questo sito web, a fini commerciali, su qualsiasi supporto e con qualsiasi mezzo tecnico, senza l&#8217;autorizzazione di Michela de Lorenzi.<\/p>\n<p>L&#8217;Utente si impegna a rispettare i diritti di propriet\u00e0 intellettuale e industriale di Michela de Lorenzi. \u00c8 possibile visualizzare gli elementi del Sito o anche stamparli, copiarli e memorizzarli sul disco rigido del proprio computer o su qualsiasi altro supporto fisico, a condizione che ci\u00f2 avvenga esclusivamente per uso personale. L&#8217;Utente, tuttavia, non pu\u00f2 rimuovere, alterare o manipolare alcun dispositivo di protezione o sistema di sicurezza installato sul Sito.<\/p>\n<p>Nel caso in cui l&#8217;Utente o una terza parte ritenga che uno qualsiasi dei Contenuti del Sito web violi i diritti di protezione della propriet\u00e0 intellettuale, dovr\u00e0 darne immediata comunicazione a Michela de Lorenzi utilizzando i recapiti indicati nella sezione INFORMAZIONI GENERALI del presente Avviso legale e Condizioni generali d&#8217;uso.<\/p>\n<\/div><div class=\"fusion-title title fusion-title-8 fusion-title-text fusion-title-size-three\" style=\"--awb-font-size:30px;\"><div class=\"title-sep-container title-sep-container-left fusion-no-large-visibility fusion-no-medium-visibility fusion-no-small-visibility\"><div class=\"title-sep sep- sep-solid\" style=\"border-color:var(--awb-color3);\"><\/div><\/div><span class=\"awb-title-spacer fusion-no-large-visibility fusion-no-medium-visibility fusion-no-small-visibility\"><\/span><h3 class=\"fusion-title-heading title-heading-left fusion-responsive-typography-calculated\" style=\"font-family:-apple-system, BlinkMacSystemFont, &#039;Segoe UI&#039;, Roboto, Oxygen-Sans, Ubuntu, Cantarell, &#039;Helvetica Neue&#039; ,sans-serif;font-style:normal;font-weight:400;margin:0;text-transform:capitalize;font-size:1em;--fontSize:30;line-height:var(--awb-custom_typography_1-line-height);\"><strong>VI. AZIONE LEGALE, LA LEGGE APPLICABILE E  <\/strong><strong>GIURISDIZIONE<\/strong><\/h3><span class=\"awb-title-spacer\"><\/span><div class=\"title-sep-container title-sep-container-right\"><div class=\"title-sep sep- sep-solid\" style=\"border-color:var(--awb-color3);\"><\/div><\/div><\/div><div class=\"fusion-text fusion-text-7\" style=\"--awb-text-color:var(--awb-color7);\"><p>Michela de Lorenzi si riserva il diritto di intraprendere qualsiasi azione civile o penale che ritenga necessaria per l&#8217;uso improprio del Sito e dei suoi Contenuti, o per la violazione delle presenti Condizioni.<\/p>\n<p>Il rapporto tra l&#8217;Utente e Michela de Lorenzi sar\u00e0 regolato dalle norme vigenti e applicabili nel territorio spagnolo. In caso di controversie relative all&#8217;interpretazione e\/o all&#8217;applicazione delle presenti Condizioni, le parti si sottoporranno alla giurisdizione ordinaria delle corti e dei tribunali corrispondenti secondo la legge.<\/p>\n<p>Questo documento di Avviso legale e Termini d&#8217;uso \u00e8 stato creato utilizzando il generatore di modelli di Avviso legale e Termini d&#8217;uso online il 24\/05\/2023.<\/p>\n<\/div><\/div><\/div><\/div><\/div>\n","protected":false},"excerpt":{"rendered":"","protected":false},"author":1,"featured_media":0,"parent":0,"menu_order":0,"comment_status":"closed","ping_status":"closed","template":"100-width.php","meta":{"_joinchat":[],"footnotes":""},"class_list":["post-3074","page","type-page","status-publish","hentry"],"_links":{"self":[{"href":"https:\/\/micheladelorenzi.com\/it\/wp-json\/wp\/v2\/pages\/3074","targetHints":{"allow":["GET"]}}],"collection":[{"href":"https:\/\/micheladelorenzi.com\/it\/wp-json\/wp\/v2\/pages"}],"about":[{"href":"https:\/\/micheladelorenzi.com\/it\/wp-json\/wp\/v2\/types\/page"}],"author":[{"embeddable":true,"href":"https:\/\/micheladelorenzi.com\/it\/wp-json\/wp\/v2\/users\/1"}],"replies":[{"embeddable":true,"href":"https:\/\/micheladelorenzi.com\/it\/wp-json\/wp\/v2\/comments?post=3074"}],"version-history":[{"count":5,"href":"https:\/\/micheladelorenzi.com\/it\/wp-json\/wp\/v2\/pages\/3074\/revisions"}],"predecessor-version":[{"id":3867,"href":"https:\/\/micheladelorenzi.com\/it\/wp-json\/wp\/v2\/pages\/3074\/revisions\/3867"}],"wp:attachment":[{"href":"https:\/\/micheladelorenzi.com\/it\/wp-json\/wp\/v2\/media?parent=3074"}],"curies":[{"name":"wp","href":"https:\/\/api.w.org\/{rel}","templated":true}]}}